{"id":2978,"date":"2021-03-26T11:24:29","date_gmt":"2021-03-26T10:24:29","guid":{"rendered":"https:\/\/archivesquarantainearchief.be\/?page_id=2978"},"modified":"2022-06-01T16:29:37","modified_gmt":"2022-06-01T14:29:37","slug":"podcasts","status":"publish","type":"page","link":"http:\/\/archivesquarantainearchief.be\/fr\/podcasts\/","title":{"rendered":"Podcasts"},"content":{"rendered":"\t\t<div data-elementor-type=\"wp-page\" data-elementor-id=\"2978\" class=\"elementor elementor-2978\" data-elementor-settings=\"[]\">\n\t\t\t\t\t\t<div class=\"elementor-inner\">\n\t\t\t\t\t\t\t<div class=\"elementor-section-wrap\">\n\t\t\t\t\t\t\t<section class=\"elementor-section elementor-top-section elementor-element elementor-element-6a1e932 elementor-section-boxed elementor-section-height-default elementor-section-height-default\" data-id=\"6a1e932\" data-element_type=\"section\">\n\t\t\t\t\t\t<div class=\"elementor-container elementor-column-gap-default\">\n\t\t\t\t\t\t\t<div class=\"elementor-row\">\n\t\t\t\t\t<div class=\"elementor-column elementor-col-100 elementor-top-column elementor-element elementor-element-18c4475\" data-id=\"18c4475\" data-element_type=\"column\">\n\t\t\t<div class=\"elementor-column-wrap elementor-element-populated\">\n\t\t\t\t\t\t\t<div class=\"elementor-widget-wrap\">\n\t\t\t\t\t\t<div class=\"elementor-element elementor-element-d20b6f4 elementor-widget elementor-widget-image\" data-id=\"d20b6f4\" data-element_type=\"widget\" data-widget_type=\"image.default\">\n\t\t\t\t<div class=\"elementor-widget-container\">\n\t\t\t\t\t\t\t\t<div class=\"elementor-image\">\n\t\t\t\t\t\t\t\t\t\t\t\t<img width=\"1536\" height=\"410\" src=\"https:\/\/archivesquarantainearchief.be\/wp-content\/uploads\/2022\/06\/vismavie3-1536x410.jpg\" class=\"attachment-1536x1536 size-1536x1536\" alt=\"\" loading=\"lazy\" srcset=\"https:\/\/archivesquarantainearchief.be\/wp-content\/uploads\/2022\/06\/vismavie3-1536x410.jpg 1536w, https:\/\/archivesquarantainearchief.be\/wp-content\/uploads\/2022\/06\/vismavie3-300x80.jpg 300w, https:\/\/archivesquarantainearchief.be\/wp-content\/uploads\/2022\/06\/vismavie3-1024x273.jpg 1024w, https:\/\/archivesquarantainearchief.be\/wp-content\/uploads\/2022\/06\/vismavie3-768x205.jpg 768w, https:\/\/archivesquarantainearchief.be\/wp-content\/uploads\/2022\/06\/vismavie3-18x5.jpg 18w, https:\/\/archivesquarantainearchief.be\/wp-content\/uploads\/2022\/06\/vismavie3.jpg 1600w\" sizes=\"(max-width: 1536px) 100vw, 1536px\" \/>\t\t\t\t\t\t\t\t\t\t\t\t\t\t<\/div>\n\t\t\t\t\t\t<\/div>\n\t\t\t\t<\/div>\n\t\t\t\t\t\t<\/div>\n\t\t\t\t\t<\/div>\n\t\t<\/div>\n\t\t\t\t\t\t\t\t<\/div>\n\t\t\t\t\t<\/div>\n\t\t<\/section>\n\t\t\t\t<section class=\"elementor-section elementor-top-section elementor-element elementor-element-9940683 elementor-section-boxed elementor-section-height-default elementor-section-height-default\" data-id=\"9940683\" data-element_type=\"section\">\n\t\t\t\t\t\t<div class=\"elementor-container elementor-column-gap-default\">\n\t\t\t\t\t\t\t<div class=\"elementor-row\">\n\t\t\t\t\t<div class=\"elementor-column elementor-col-100 elementor-top-column elementor-element elementor-element-456d506\" data-id=\"456d506\" data-element_type=\"column\">\n\t\t\t<div class=\"elementor-column-wrap elementor-element-populated\">\n\t\t\t\t\t\t\t<div class=\"elementor-widget-wrap\">\n\t\t\t\t\t\t<div class=\"elementor-element elementor-element-340657d elementor-widget elementor-widget-text-editor\" data-id=\"340657d\" data-element_type=\"widget\" data-widget_type=\"text-editor.default\">\n\t\t\t\t<div class=\"elementor-widget-container\">\n\t\t\t\t\t\t\t\t<div class=\"elementor-text-editor elementor-clearfix\">\n\t\t\t\t<p>Retrouvez sur cette page tous les \u00e9pisodes de notre s\u00e9rie de <b>podcasts&nbsp;\u00ab&nbsp;Vis ma vie d&#8217;archiviste confin\u00e9\u00b7e \u00bb<\/b><span style=\"letter-spacing: 0px;\">,&nbsp;qui revient sur le m\u00e9tier d&#8217;archiviste et de gestionnaire de l&#8217;information, en particulier durant la p\u00e9riode de crise sanitaire 2020-2021.&nbsp;<\/span><\/p>\t\t\t\t\t<\/div>\n\t\t\t\t\t\t<\/div>\n\t\t\t\t<\/div>\n\t\t\t\t<div class=\"elementor-element elementor-element-eda20c9 elementor-widget elementor-widget-shortcode\" data-id=\"eda20c9\" data-element_type=\"widget\" data-widget_type=\"shortcode.default\">\n\t\t\t\t<div class=\"elementor-widget-container\">\n\t\t\t\t\t<div class=\"elementor-shortcode\"><div id=\"audioigniter-3359\" class=\"audioigniter-root\" data-player-type=\"full\" data-tracks-url=\"http:\/\/archivesquarantainearchief.be\/fr\/?audioigniter_playlist_id=3359\" data-display-track-no=\"true\" data-reverse-track-order=\"true\" data-display-tracklist-covers=\"true\" data-display-active-cover=\"true\" data-display-artist-names=\"true\" data-display-buy-buttons=\"true\" data-buy-buttons-target=\"true\" data-cycle-tracks=\"false\" data-display-credits=\"false\" data-display-tracklist=\"true\" data-allow-tracklist-toggle=\"true\" data-allow-tracklist-loop=\"true\" data-limit-tracklist-height=\"false\" data-volume=\"100\" data-tracklist-height=\"800\" ><\/div><\/div>\n\t\t\t\t<\/div>\n\t\t\t\t<\/div>\n\t\t\t\t\t\t<\/div>\n\t\t\t\t\t<\/div>\n\t\t<\/div>\n\t\t\t\t\t\t\t\t<\/div>\n\t\t\t\t\t<\/div>\n\t\t<\/section>\n\t\t\t\t<section class=\"elementor-section elementor-top-section elementor-element elementor-element-14dc8a0 elementor-section-boxed elementor-section-height-default elementor-section-height-default\" data-id=\"14dc8a0\" data-element_type=\"section\">\n\t\t\t\t\t\t<div class=\"elementor-container elementor-column-gap-default\">\n\t\t\t\t\t\t\t<div class=\"elementor-row\">\n\t\t\t\t\t<div class=\"elementor-column elementor-col-100 elementor-top-column elementor-element elementor-element-760c4b3\" data-id=\"760c4b3\" data-element_type=\"column\">\n\t\t\t<div class=\"elementor-column-wrap elementor-element-populated\">\n\t\t\t\t\t\t\t<div class=\"elementor-widget-wrap\">\n\t\t\t\t\t\t<div class=\"elementor-element elementor-element-77b0be2 elementor-widget elementor-widget-text-editor\" data-id=\"77b0be2\" data-element_type=\"widget\" data-widget_type=\"text-editor.default\">\n\t\t\t\t<div class=\"elementor-widget-container\">\n\t\t\t\t\t\t\t\t<div class=\"elementor-text-editor elementor-clearfix\">\n\t\t\t\t<p><strong>Nos articles d\u00e9di\u00e9s aux podcasts<\/strong> :<\/p><p><a href=\"https:\/\/archivesquarantainearchief.be\/fr\/2021\/04\/02\/podcast-1-archives-de-quarantaine-garder-une-trace-pour-les-generations-futures\/\"><span style=\"text-decoration: underline;\">PODCAST #1<\/span><\/a> <span style=\"letter-spacing: 0px;\">\u2013<\/span> Archives de quarantaine : \u201cGarder une trace pour les g\u00e9n\u00e9rations futures\u201d<\/p><p><span style=\"letter-spacing: 0px;\"><a href=\"https:\/\/archivesquarantainearchief.be\/fr\/2021\/04\/19\/podcast-2-gestionnaires-de-linformation-depuis-la-crise-les-gens-savent-qui-on-est-et-font-beaucoup-plus-appel-a-nous\/\"><span style=\"text-decoration: underline;\">PODCAST #2<\/span><\/a> \u2013 Gestionnaires de l\u2019information : \u201cDepuis la crise, les gens savent qui on est et font beaucoup plus appel \u00e0 nous\u201d<\/span><\/p><p><span style=\"letter-spacing: 0px;\"><a href=\"https:\/\/archivesquarantainearchief.be\/fr\/2021\/05\/03\/podcast-3-avec-la-crise-les-gens-realisent-que-les-archivistes-collectent-aujourdhui-lhistoire-de-demain-ihoes\/\"><span style=\"text-decoration: underline;\">PODCAST #3<\/span><\/a> \u2013 Avec la crise les gens se rendent compte que \u201cles archivistes collectent aujourd\u2019hui l\u2019Histoire de demain\u201d (IHOES)<\/span><\/p><p><span style=\"letter-spacing: 0px;\"><a href=\"https:\/\/archivesquarantainearchief.be\/fr\/2021\/05\/18\/podcast-4-ce-quon-na-pas-pu-garder-cest-le-silence-la-louviere\/\"><span style=\"text-decoration: underline;\">PODCAST #4<\/span><\/a> \u2013 \u201cCe qu\u2019on n\u2019a pas pu garder, c\u2019est le silence\u201d (La\u00a0<\/span><span style=\"letter-spacing: 0px;\">Louvi\u00e8re)<\/span><\/p><p><span style=\"letter-spacing: 0px;\"><a href=\"https:\/\/archivesquarantainearchief.be\/fr\/2021\/06\/08\/podcast-5-la-crise-rappelle-que-larchiviste-est-un-acteur-du-present-au-centre-de-la-societe-carhop\/\"><span style=\"text-decoration: underline;\">PODCAST #5<\/span><\/a> \u2013 La crise rappelle que \u201cl\u2019archiviste est un\u00a0acteur du pr\u00e9sent au centre de la soci\u00e9t\u00e9\u201d (CARHOP)<\/span><\/p><p><span style=\"letter-spacing: 0px;\"><a href=\"https:\/\/archivesquarantainearchief.be\/fr\/2021\/06\/28\/podcast-6-etudiantes-archivistes-cest-triste-de-faire-un-metier-si-important-qui-soit-si-peu-considere\/\"><span style=\"text-decoration: underline;\">PODCAST #6<\/span><\/a> \u2013 \u00c9tudiantes archivistes : \u201cC\u2019est triste de\u00a0faire un m\u00e9tier si important qui soit si peu consid\u00e9r\u00e9\u201d<\/span><\/p><p><span style=\"letter-spacing: 0px;\"><a href=\"https:\/\/archivesquarantainearchief.be\/fr\/2021\/08\/17\/podcast-7-le-covid-a-massivement-pousse-pour-quon-avance-sur-la-numerisation-du-secteur-des-archives-mons\/\"><span style=\"text-decoration: underline;\">PODCAST #7<\/span><\/a> \u2013 \u201cLe Covid a massivement pouss\u00e9 pour qu\u2019on avance sur la num\u00e9risation du secteur\u201d (Mons)<\/span><\/p><p><span style=\"letter-spacing: 0px;\"><span style=\"text-decoration: underline;\"><a href=\"https:\/\/archivesquarantainearchief.be\/fr\/2021\/12\/11\/podcast-8-archives-universitaires-pour-la-premiere-fois-on-avait-un-vrai-temps-darret-tous-ensemble\/\">PODCAST #8<\/a><\/span> \u2013 Archives universitaires : \u201cPour la premi\u00e8re\u00a0fois, on avait un vrai temps d\u2019arr\u00eat, tous ensemble\u201d<\/span><\/p><p><span style=\"letter-spacing: 0px;\"><a href=\"https:\/\/archivesquarantainearchief.be\/fr\/2022\/02\/28\/podcast-9-archives-de-quarantaine-on-va-perdre-plus-vite-notre-futur-que-notre-passe\/\"><span style=\"text-decoration: underline;\">PODCAST #9<\/span><\/a> \u2013 Archives de quarantaine : \u201cOn va perdre plus\u00a0vite notre futur que notre pass\u00e9\u201d<\/span><\/p><p>\u00a0<\/p>\t\t\t\t\t<\/div>\n\t\t\t\t\t\t<\/div>\n\t\t\t\t<\/div>\n\t\t\t\t\t\t<\/div>\n\t\t\t\t\t<\/div>\n\t\t<\/div>\n\t\t\t\t\t\t\t\t<\/div>\n\t\t\t\t\t<\/div>\n\t\t<\/section>\n\t\t\t\t\t\t<\/div>\n\t\t\t\t\t\t<\/div>\n\t\t\t\t\t<\/div>\n\t\t","protected":false},"excerpt":{"rendered":"<p>Retrouvez sur cette page tous les \u00e9pisodes de notre s\u00e9rie de podcasts&nbsp;\u00ab&nbsp;Vis ma vie d&#8217;archiviste confin\u00e9\u00b7e \u00bb,&nbsp;qui revient sur le m\u00e9tier d&#8217;archiviste et de gestionnaire de l&#8217;information, en particulier durant la p\u00e9riode de crise sanitaire 2020-2021.&nbsp; Nos articles d\u00e9di\u00e9s aux podcasts : PODCAST #1 \u2013 Archives de quarantaine : \u201cGarder une trace pour les g\u00e9n\u00e9rations&hellip;&nbsp;<a href=\"http:\/\/archivesquarantainearchief.be\/fr\/podcasts\/\" class=\"\" rel=\"bookmark\">Lire la suite &raquo;<span class=\"screen-reader-text\">Podcasts<\/span><\/a><\/p>\n","protected":false},"author":1,"featured_media":0,"parent":0,"menu_order":0,"comment_status":"closed","ping_status":"closed","template":"page-templates\/template-pagebuilder-full-width.php","meta":{"_links_to":"","_links_to_target":""},"uagb_featured_image_src":{"full":false,"thumbnail":false,"medium":false,"medium_large":false,"large":false,"1536x1536":false,"2048x2048":false,"trp-custom-language-flag":false,"neve-blog":false,"audioigniter_cover":false},"uagb_author_info":{"display_name":"Lionel Vanvelthem, IHOES","author_link":"http:\/\/archivesquarantainearchief.be\/fr\/author\/lvanvelthem\/"},"uagb_comment_info":0,"uagb_excerpt":"Retrouvez sur cette page tous les \u00e9pisodes de notre s\u00e9rie de podcasts&nbsp;\u00ab&nbsp;Vis ma vie d&#8217;archiviste confin\u00e9\u00b7e \u00bb,&nbsp;qui revient sur le m\u00e9tier d&#8217;archiviste et de gestionnaire de l&#8217;information, en particulier durant la p\u00e9riode de crise sanitaire 2020-2021.&nbsp; Nos articles d\u00e9di\u00e9s aux podcasts : PODCAST #1 \u2013 Archives de quarantaine : \u201cGarder une trace pour les g\u00e9n\u00e9rations&hellip;&nbsp;Lire&hellip;","_links":{"self":[{"href":"http:\/\/archivesquarantainearchief.be\/fr\/wp-json\/wp\/v2\/pages\/2978"}],"collection":[{"href":"http:\/\/archivesquarantainearchief.be\/fr\/wp-json\/wp\/v2\/pages"}],"about":[{"href":"http:\/\/archivesquarantainearchief.be\/fr\/wp-json\/wp\/v2\/types\/page"}],"author":[{"embeddable":true,"href":"http:\/\/archivesquarantainearchief.be\/fr\/wp-json\/wp\/v2\/users\/1"}],"replies":[{"embeddable":true,"href":"http:\/\/archivesquarantainearchief.be\/fr\/wp-json\/wp\/v2\/comments?post=2978"}],"version-history":[{"count":90,"href":"http:\/\/archivesquarantainearchief.be\/fr\/wp-json\/wp\/v2\/pages\/2978\/revisions"}],"predecessor-version":[{"id":4047,"href":"http:\/\/archivesquarantainearchief.be\/fr\/wp-json\/wp\/v2\/pages\/2978\/revisions\/4047"}],"wp:attachment":[{"href":"http:\/\/archivesquarantainearchief.be\/fr\/wp-json\/wp\/v2\/media?parent=2978"}],"curies":[{"name":"wp","href":"https:\/\/api.w.org\/{rel}","templated":true}]}}