{"id":614,"date":"2020-04-08T17:14:26","date_gmt":"2020-04-08T15:14:26","guid":{"rendered":"https:\/\/archivesquarantainearchief.be\/?page_id=614"},"modified":"2020-05-01T17:20:39","modified_gmt":"2020-05-01T15:20:39","slug":"qui-sommes-nous","status":"publish","type":"page","link":"http:\/\/archivesquarantainearchief.be\/fr\/qui-sommes-nous\/","title":{"rendered":"Qui sommes-nous ?"},"content":{"rendered":"\t\t<div data-elementor-type=\"wp-post\" data-elementor-id=\"614\" class=\"elementor elementor-614\" data-elementor-settings=\"[]\">\n\t\t\t\t\t\t<div class=\"elementor-inner\">\n\t\t\t\t\t\t\t<div class=\"elementor-section-wrap\">\n\t\t\t\t\t\t\t<section class=\"elementor-section elementor-top-section elementor-element elementor-element-13d6da5 elementor-section-boxed elementor-section-height-default elementor-section-height-default\" data-id=\"13d6da5\" data-element_type=\"section\" data-settings=\"{&quot;background_background&quot;:&quot;classic&quot;}\">\n\t\t\t\t\t\t<div class=\"elementor-container elementor-column-gap-default\">\n\t\t\t\t\t\t\t<div class=\"elementor-row\">\n\t\t\t\t\t<div class=\"elementor-column elementor-col-33 elementor-top-column elementor-element elementor-element-37d89fa\" data-id=\"37d89fa\" data-element_type=\"column\">\n\t\t\t<div class=\"elementor-column-wrap\">\n\t\t\t\t\t\t\t<div class=\"elementor-widget-wrap\">\n\t\t\t\t\t\t\t\t<\/div>\n\t\t\t\t\t<\/div>\n\t\t<\/div>\n\t\t\t\t<div class=\"elementor-column elementor-col-33 elementor-top-column elementor-element elementor-element-b0a515e\" data-id=\"b0a515e\" data-element_type=\"column\">\n\t\t\t<div class=\"elementor-column-wrap\">\n\t\t\t\t\t\t\t<div class=\"elementor-widget-wrap\">\n\t\t\t\t\t\t\t\t<\/div>\n\t\t\t\t\t<\/div>\n\t\t<\/div>\n\t\t\t\t<div class=\"elementor-column elementor-col-33 elementor-top-column elementor-element elementor-element-5649058\" data-id=\"5649058\" data-element_type=\"column\">\n\t\t\t<div class=\"elementor-column-wrap\">\n\t\t\t\t\t\t\t<div class=\"elementor-widget-wrap\">\n\t\t\t\t\t\t\t\t<\/div>\n\t\t\t\t\t<\/div>\n\t\t<\/div>\n\t\t\t\t\t\t\t\t<\/div>\n\t\t\t\t\t<\/div>\n\t\t<\/section>\n\t\t\t\t<section class=\"elementor-section elementor-top-section elementor-element elementor-element-0ba3969 elementor-section-boxed elementor-section-height-default elementor-section-height-default\" data-id=\"0ba3969\" data-element_type=\"section\" data-settings=\"{&quot;background_background&quot;:&quot;classic&quot;}\">\n\t\t\t\t\t\t<div class=\"elementor-container elementor-column-gap-default\">\n\t\t\t\t\t\t\t<div class=\"elementor-row\">\n\t\t\t\t\t<div class=\"elementor-column elementor-col-100 elementor-top-column elementor-element elementor-element-d43931d\" data-id=\"d43931d\" data-element_type=\"column\">\n\t\t\t<div class=\"elementor-column-wrap elementor-element-populated\">\n\t\t\t\t\t\t\t<div class=\"elementor-widget-wrap\">\n\t\t\t\t\t\t<div class=\"elementor-element elementor-element-2e1773e elementor-widget elementor-widget-heading\" data-id=\"2e1773e\" data-element_type=\"widget\" data-widget_type=\"heading.default\">\n\t\t\t\t<div class=\"elementor-widget-container\">\n\t\t\t<h1 class=\"elementor-heading-title elementor-size-default\">Qui sommes-nous ?<\/h1>\t\t<\/div>\n\t\t\t\t<\/div>\n\t\t\t\t\t\t<\/div>\n\t\t\t\t\t<\/div>\n\t\t<\/div>\n\t\t\t\t\t\t\t\t<\/div>\n\t\t\t\t\t<\/div>\n\t\t<\/section>\n\t\t\t\t<section class=\"elementor-section elementor-top-section elementor-element elementor-element-3b1daeb elementor-section-boxed elementor-section-height-default elementor-section-height-default elementor-invisible\" data-id=\"3b1daeb\" data-element_type=\"section\" data-settings=\"{&quot;background_background&quot;:&quot;classic&quot;,&quot;animation&quot;:&quot;fadeIn&quot;}\">\n\t\t\t\t\t\t<div class=\"elementor-container elementor-column-gap-extended\">\n\t\t\t\t\t\t\t<div class=\"elementor-row\">\n\t\t\t\t\t<div class=\"elementor-column elementor-col-33 elementor-top-column elementor-element elementor-element-73c878e\" data-id=\"73c878e\" data-element_type=\"column\">\n\t\t\t<div class=\"elementor-column-wrap elementor-element-populated\">\n\t\t\t\t\t\t\t<div class=\"elementor-widget-wrap\">\n\t\t\t\t\t\t<div class=\"elementor-element elementor-element-8f29751 elementor-widget elementor-widget-image\" data-id=\"8f29751\" data-element_type=\"widget\" data-widget_type=\"image.default\">\n\t\t\t\t<div class=\"elementor-widget-container\">\n\t\t\t\t\t\t\t\t<div class=\"elementor-image\">\n\t\t\t\t\t\t\t\t\t\t\t\t<img width=\"1000\" height=\"698\" src=\"https:\/\/archivesquarantainearchief.be\/wp-content\/uploads\/2020\/04\/AAFB_final.png\" class=\"attachment-large size-large\" alt=\"\" loading=\"lazy\" srcset=\"https:\/\/archivesquarantainearchief.be\/wp-content\/uploads\/2020\/04\/AAFB_final.png 1000w, https:\/\/archivesquarantainearchief.be\/wp-content\/uploads\/2020\/04\/AAFB_final-300x209.png 300w, https:\/\/archivesquarantainearchief.be\/wp-content\/uploads\/2020\/04\/AAFB_final-768x536.png 768w\" sizes=\"(max-width: 1000px) 100vw, 1000px\" \/>\t\t\t\t\t\t\t\t\t\t\t\t\t\t<\/div>\n\t\t\t\t\t\t<\/div>\n\t\t\t\t<\/div>\n\t\t\t\t\t\t<\/div>\n\t\t\t\t\t<\/div>\n\t\t<\/div>\n\t\t\t\t<div class=\"elementor-column elementor-col-66 elementor-top-column elementor-element elementor-element-f3cd668\" data-id=\"f3cd668\" data-element_type=\"column\" data-settings=\"{&quot;background_background&quot;:&quot;classic&quot;}\">\n\t\t\t<div class=\"elementor-column-wrap elementor-element-populated\">\n\t\t\t\t\t\t\t<div class=\"elementor-widget-wrap\">\n\t\t\t\t\t\t<div class=\"elementor-element elementor-element-d806e3f elementor-widget elementor-widget-heading\" data-id=\"d806e3f\" data-element_type=\"widget\" data-no-translation=\"\" data-widget_type=\"heading.default\">\n\t\t\t\t<div class=\"elementor-widget-container\">\n\t\t\t<p class=\"elementor-heading-title elementor-size-default\">L'AAFB<\/p>\t\t<\/div>\n\t\t\t\t<\/div>\n\t\t\t\t<div class=\"elementor-element elementor-element-56decd1 elementor-widget elementor-widget-heading\" data-id=\"56decd1\" data-element_type=\"widget\" data-no-translation=\"\" data-widget_type=\"heading.default\">\n\t\t\t\t<div class=\"elementor-widget-container\">\n\t\t\t<style>.elementor-element-56decd1{display:none !important}<\/style>\t\t<\/div>\n\t\t\t\t<\/div>\n\t\t\t\t<div class=\"elementor-element elementor-element-d5a3187 text-bigger elementor-widget elementor-widget-heading\" data-id=\"d5a3187\" data-element_type=\"widget\" data-no-translation=\"\" data-widget_type=\"heading.default\">\n\t\t\t\t<div class=\"elementor-widget-container\">\n\t\t\t<span class=\"elementor-heading-title elementor-size-default\">Cr\u00e9\u00e9e en 2005, l\u2019Association des archivistes francophones de Belgique (<a target=\"_blank\" href=\"http:\/\/www.archivistes.be\"><b>AAFB<\/b><\/a>) r\u00e9unit des professionnels qui partagent une passion et un m\u00e9tier communs : la gestion et la valorisation d\u2019archives. \n<\/span>\t\t<\/div>\n\t\t\t\t<\/div>\n\t\t\t\t<div class=\"elementor-element elementor-element-3424e2a text-bigger elementor-widget elementor-widget-heading\" data-id=\"3424e2a\" data-element_type=\"widget\" data-no-translation=\"\" data-widget_type=\"heading.default\">\n\t\t\t\t<div class=\"elementor-widget-container\">\n\t\t\t<style>.elementor-element-3424e2a{display:none !important}<\/style>\t\t<\/div>\n\t\t\t\t<\/div>\n\t\t\t\t<div class=\"elementor-element elementor-element-48bd415 text-bigger elementor-widget elementor-widget-heading\" data-id=\"48bd415\" data-element_type=\"widget\" data-no-translation=\"\" data-widget_type=\"heading.default\">\n\t\t\t\t<div class=\"elementor-widget-container\">\n\t\t\t<span class=\"elementor-heading-title elementor-size-default\">Reconnue comme F\u00e9d\u00e9ration repr\u00e9sentative des archivistes, nos missions principales sont de f\u00e9d\u00e9rer les repr\u00e9sentants des diff\u00e9rents secteurs du monde archivistique belge francophone, de promouvoir le m\u00e9tier d\u2019archiviste et de sensibiliser \u00e0 la conservation et \u00e0 la valorisation des archives. Dans le cadre de nos missions, nous avons souhait\u00e9 lancer la plate-forme \u00ab Archives de Quarantaine \u00bb avec la VVBAD.\n<\/span>\t\t<\/div>\n\t\t\t\t<\/div>\n\t\t\t\t<div class=\"elementor-element elementor-element-6eb1be4 text-bigger elementor-widget elementor-widget-heading\" data-id=\"6eb1be4\" data-element_type=\"widget\" data-no-translation=\"\" data-widget_type=\"heading.default\">\n\t\t\t\t<div class=\"elementor-widget-container\">\n\t\t\t<style>.elementor-element-6eb1be4{display:none !important}<\/style>\t\t<\/div>\n\t\t\t\t<\/div>\n\t\t\t\t\t\t<\/div>\n\t\t\t\t\t<\/div>\n\t\t<\/div>\n\t\t\t\t\t\t\t\t<\/div>\n\t\t\t\t\t<\/div>\n\t\t<\/section>\n\t\t\t\t<section class=\"elementor-section elementor-top-section elementor-element elementor-element-6581b36 elementor-section-boxed elementor-section-height-default elementor-section-height-default elementor-invisible\" data-id=\"6581b36\" data-element_type=\"section\" data-settings=\"{&quot;background_background&quot;:&quot;classic&quot;,&quot;animation&quot;:&quot;fadeIn&quot;}\">\n\t\t\t\t\t\t<div class=\"elementor-container elementor-column-gap-default\">\n\t\t\t\t\t\t\t<div class=\"elementor-row\">\n\t\t\t\t\t<div class=\"elementor-column elementor-col-66 elementor-top-column elementor-element elementor-element-ae6ab17\" data-id=\"ae6ab17\" data-element_type=\"column\">\n\t\t\t<div class=\"elementor-column-wrap elementor-element-populated\">\n\t\t\t\t\t\t\t<div class=\"elementor-widget-wrap\">\n\t\t\t\t\t\t<div class=\"elementor-element elementor-element-e525ae7 elementor-widget elementor-widget-heading\" data-id=\"e525ae7\" data-element_type=\"widget\" data-no-translation=\"\" data-widget_type=\"heading.default\">\n\t\t\t\t<div class=\"elementor-widget-container\">\n\t\t\t<style>.elementor-element-e525ae7{display:none !important}<\/style>\t\t<\/div>\n\t\t\t\t<\/div>\n\t\t\t\t<div class=\"elementor-element elementor-element-16b6221 elementor-widget elementor-widget-heading\" data-id=\"16b6221\" data-element_type=\"widget\" data-no-translation=\"\" data-widget_type=\"heading.default\">\n\t\t\t\t<div class=\"elementor-widget-container\">\n\t\t\t<p class=\"elementor-heading-title elementor-size-default\">LA VVBAD<\/p>\t\t<\/div>\n\t\t\t\t<\/div>\n\t\t\t\t<div class=\"elementor-element elementor-element-22b90bc elementor-widget elementor-widget-text-editor\" data-id=\"22b90bc\" data-element_type=\"widget\" data-no-translation=\"\" data-widget_type=\"text-editor.default\">\n\t\t\t\t<div class=\"elementor-widget-container\">\n\t\t\t<style>.elementor-element-22b90bc{display:none !important}<\/style>\t\t<\/div>\n\t\t\t\t<\/div>\n\t\t\t\t<div class=\"elementor-element elementor-element-e818a72 elementor-widget elementor-widget-text-editor\" data-id=\"e818a72\" data-element_type=\"widget\" data-no-translation=\"\" data-widget_type=\"text-editor.default\">\n\t\t\t\t<div class=\"elementor-widget-container\">\n\t\t\t\t\t\t\t\t<div class=\"elementor-text-editor elementor-clearfix\">\n\t\t\t\t<p>La <i>Vlaamse Vereniging voor Bibliotheek, Archief &amp; Documentatie<\/i>\u00a0asbl (<a href=\"https:\/\/www.vvbad.be\/\" target=\"_blank\" rel=\"noopener\"><b>VVBAD<\/b><\/a>) est l&#8217;association professionnelle qui regroupe les biblioth\u00e9caires, archivistes et documentalistes de Flandre depuis 1921. Cette association, soutenue par une \u00e9quipe professionnelle, encourage la concertation et la coop\u00e9ration au sein de ces professions tout en s&#8217;employant \u00e0 \u00e9changer des connaissances et de l&#8217;expertise.<\/p>\t\t\t\t\t<\/div>\n\t\t\t\t\t\t<\/div>\n\t\t\t\t<\/div>\n\t\t\t\t\t\t<\/div>\n\t\t\t\t\t<\/div>\n\t\t<\/div>\n\t\t\t\t<div class=\"elementor-column elementor-col-33 elementor-top-column elementor-element elementor-element-3f78d3e\" data-id=\"3f78d3e\" data-element_type=\"column\">\n\t\t\t<div class=\"elementor-column-wrap elementor-element-populated\">\n\t\t\t\t\t\t\t<div class=\"elementor-widget-wrap\">\n\t\t\t\t\t\t<div class=\"elementor-element elementor-element-fb411ed elementor-widget elementor-widget-image\" data-id=\"fb411ed\" data-element_type=\"widget\" data-widget_type=\"image.default\">\n\t\t\t\t<div class=\"elementor-widget-container\">\n\t\t\t\t\t\t\t\t<div class=\"elementor-image\">\n\t\t\t\t\t\t\t\t\t\t\t\t<img width=\"1000\" height=\"698\" src=\"https:\/\/archivesquarantainearchief.be\/wp-content\/uploads\/2020\/04\/VVBAD_final.png\" class=\"attachment-large size-large\" alt=\"\" loading=\"lazy\" srcset=\"https:\/\/archivesquarantainearchief.be\/wp-content\/uploads\/2020\/04\/VVBAD_final.png 1000w, https:\/\/archivesquarantainearchief.be\/wp-content\/uploads\/2020\/04\/VVBAD_final-300x209.png 300w, https:\/\/archivesquarantainearchief.be\/wp-content\/uploads\/2020\/04\/VVBAD_final-768x536.png 768w\" sizes=\"(max-width: 1000px) 100vw, 1000px\" \/>\t\t\t\t\t\t\t\t\t\t\t\t\t\t<\/div>\n\t\t\t\t\t\t<\/div>\n\t\t\t\t<\/div>\n\t\t\t\t\t\t<\/div>\n\t\t\t\t\t<\/div>\n\t\t<\/div>\n\t\t\t\t\t\t\t\t<\/div>\n\t\t\t\t\t<\/div>\n\t\t<\/section>\n\t\t\t\t<section class=\"elementor-section elementor-top-section elementor-element elementor-element-82bee56 elementor-section-boxed elementor-section-height-default elementor-section-height-default elementor-invisible\" data-id=\"82bee56\" data-element_type=\"section\" data-settings=\"{&quot;background_background&quot;:&quot;classic&quot;,&quot;animation&quot;:&quot;fadeIn&quot;}\">\n\t\t\t\t\t\t<div class=\"elementor-container elementor-column-gap-extended\">\n\t\t\t\t\t\t\t<div class=\"elementor-row\">\n\t\t\t\t\t<div class=\"elementor-column elementor-col-33 elementor-top-column elementor-element elementor-element-2e86101\" data-id=\"2e86101\" data-element_type=\"column\">\n\t\t\t<div class=\"elementor-column-wrap elementor-element-populated\">\n\t\t\t\t\t\t\t<div class=\"elementor-widget-wrap\">\n\t\t\t\t\t\t<div class=\"elementor-element elementor-element-1c09341 elementor-widget elementor-widget-image\" data-id=\"1c09341\" data-element_type=\"widget\" data-widget_type=\"image.default\">\n\t\t\t\t<div class=\"elementor-widget-container\">\n\t\t\t\t\t\t\t\t<div class=\"elementor-image\">\n\t\t\t\t\t\t\t\t\t\t\t\t<img width=\"1024\" height=\"683\" src=\"https:\/\/archivesquarantainearchief.be\/wp-content\/uploads\/2020\/04\/team-1024x683.jpg\" class=\"attachment-large size-large\" alt=\"\" loading=\"lazy\" srcset=\"https:\/\/archivesquarantainearchief.be\/wp-content\/uploads\/2020\/04\/team-1024x683.jpg 1024w, https:\/\/archivesquarantainearchief.be\/wp-content\/uploads\/2020\/04\/team-300x200.jpg 300w, https:\/\/archivesquarantainearchief.be\/wp-content\/uploads\/2020\/04\/team-768x512.jpg 768w, https:\/\/archivesquarantainearchief.be\/wp-content\/uploads\/2020\/04\/team-930x620.jpg 930w, https:\/\/archivesquarantainearchief.be\/wp-content\/uploads\/2020\/04\/team.jpg 1500w\" sizes=\"(max-width: 1024px) 100vw, 1024px\" \/>\t\t\t\t\t\t\t\t\t\t\t\t\t\t<\/div>\n\t\t\t\t\t\t<\/div>\n\t\t\t\t<\/div>\n\t\t\t\t\t\t<\/div>\n\t\t\t\t\t<\/div>\n\t\t<\/div>\n\t\t\t\t<div class=\"elementor-column elementor-col-66 elementor-top-column elementor-element elementor-element-924d954\" data-id=\"924d954\" data-element_type=\"column\" data-settings=\"{&quot;background_background&quot;:&quot;classic&quot;}\">\n\t\t\t<div class=\"elementor-column-wrap elementor-element-populated\">\n\t\t\t\t\t\t\t<div class=\"elementor-widget-wrap\">\n\t\t\t\t\t\t<div class=\"elementor-element elementor-element-ad26b19 elementor-widget elementor-widget-heading\" data-id=\"ad26b19\" data-element_type=\"widget\" data-no-translation=\"\" data-widget_type=\"heading.default\">\n\t\t\t\t<div class=\"elementor-widget-container\">\n\t\t\t<p class=\"elementor-heading-title elementor-size-default\">L'\u00e9quipe derri\u00e8re le projet #AQA<\/p>\t\t<\/div>\n\t\t\t\t<\/div>\n\t\t\t\t<div class=\"elementor-element elementor-element-d5efb86 elementor-widget elementor-widget-heading\" data-id=\"d5efb86\" data-element_type=\"widget\" data-no-translation=\"\" data-widget_type=\"heading.default\">\n\t\t\t\t<div class=\"elementor-widget-container\">\n\t\t\t<style>.elementor-element-d5efb86{display:none !important}<\/style>\t\t<\/div>\n\t\t\t\t<\/div>\n\t\t\t\t<div class=\"elementor-element elementor-element-e724f6f elementor-widget elementor-widget-text-editor\" data-id=\"e724f6f\" data-element_type=\"widget\" data-no-translation=\"\" data-widget_type=\"text-editor.default\">\n\t\t\t\t<div class=\"elementor-widget-container\">\n\t\t\t\t\t\t\t\t<div class=\"elementor-text-editor elementor-clearfix\">\n\t\t\t\t<p><b>Le projet \u00ab Archives de Quarantaine \/ QuarantaineArchief \u00bb n\u2019aurait pas vu le jour sans le travail et la mobilisation de nos membres respectifs :<br \/><\/b><\/p>\t\t\t\t\t<\/div>\n\t\t\t\t\t\t<\/div>\n\t\t\t\t<\/div>\n\t\t\t\t<div class=\"elementor-element elementor-element-08447af elementor-widget elementor-widget-text-editor\" data-id=\"08447af\" data-element_type=\"widget\" data-no-translation=\"\" data-widget_type=\"text-editor.default\">\n\t\t\t\t<div class=\"elementor-widget-container\">\n\t\t\t<style>.elementor-element-08447af{display:none !important}<\/style>\t\t<\/div>\n\t\t\t\t<\/div>\n\t\t\t\t<div class=\"elementor-element elementor-element-4645eeb elementor-widget elementor-widget-text-editor\" data-id=\"4645eeb\" data-element_type=\"widget\" data-widget_type=\"text-editor.default\">\n\t\t\t\t<div class=\"elementor-widget-container\">\n\t\t\t\t\t\t\t\t<div class=\"elementor-text-editor elementor-clearfix\">\n\t\t\t\t<ul><li>Magali Bruneel (VVBAD)<\/li><li>Florian Delabie (AAFB)<\/li><li>Marie-Laurence Dubois (AAFB)<\/li><li>Birgit Grootjans (VVBAD)<\/li><li>Virginien Horge (Ville de Mons)<\/li><li>Sarah Lessire (AAFB)<\/li><li>Christine Machiels (CARHOP)<\/li><li>Christophe Martens (Ville de Bruxelles)<\/li><li>Marie Meyer (Oram)<\/li><li>Sara Tavares Gouveia (Ville de Bruxelles)<\/li><li>Willem Vanneste (UAntwerpen &#8211; VVBAD)<\/li><li>Lionel Vanvelthem (IHOES)<\/li><li>Fran\u00e7ois Welter (CARHOP)<\/li><li>Bart Sas (Ville de Turnhout)<\/li><\/ul>\t\t\t\t\t<\/div>\n\t\t\t\t\t\t<\/div>\n\t\t\t\t<\/div>\n\t\t\t\t<div class=\"elementor-element elementor-element-a8c1087 elementor-widget elementor-widget-text-editor\" data-id=\"a8c1087\" data-element_type=\"widget\" data-no-translation=\"\" data-widget_type=\"text-editor.default\">\n\t\t\t\t<div class=\"elementor-widget-container\">\n\t\t\t\t\t\t\t\t<div class=\"elementor-text-editor elementor-clearfix\">\n\t\t\t\t<p><b>Logo et visuels promotionnels<\/b>\u00a0par V\u00e9ronique Lux.<br \/><b>D\u00e9veloppement Web <\/b>par <a href=\"mailto:lvanvelthem@gmail.com\">Lionel Vanvelthem<\/a>.\u00a0<\/p>\t\t\t\t\t<\/div>\n\t\t\t\t\t\t<\/div>\n\t\t\t\t<\/div>\n\t\t\t\t<div class=\"elementor-element elementor-element-37b6e24 elementor-widget elementor-widget-text-editor\" data-id=\"37b6e24\" data-element_type=\"widget\" data-no-translation=\"\" data-widget_type=\"text-editor.default\">\n\t\t\t\t<div class=\"elementor-widget-container\">\n\t\t\t<style>.elementor-element-37b6e24{display:none !important}<\/style>\t\t<\/div>\n\t\t\t\t<\/div>\n\t\t\t\t\t\t<\/div>\n\t\t\t\t\t<\/div>\n\t\t<\/div>\n\t\t\t\t\t\t\t\t<\/div>\n\t\t\t\t\t<\/div>\n\t\t<\/section>\n\t\t\t\t<section class=\"elementor-section elementor-top-section elementor-element elementor-element-ea5c1dc elementor-section-boxed elementor-section-height-default elementor-section-height-default elementor-invisible\" data-id=\"ea5c1dc\" data-element_type=\"section\" data-settings=\"{&quot;background_background&quot;:&quot;classic&quot;,&quot;animation&quot;:&quot;fadeIn&quot;}\" data-no-translation=\"\">\n\t\t\t\t\t\t<div class=\"elementor-container elementor-column-gap-default\">\n\t\t\t\t\t\t\t<div class=\"elementor-row\">\n\t\t\t\t\t<div class=\"elementor-column elementor-col-66 elementor-top-column elementor-element elementor-element-cf9c4e4\" data-id=\"cf9c4e4\" data-element_type=\"column\">\n\t\t\t<div class=\"elementor-column-wrap elementor-element-populated\">\n\t\t\t\t\t\t\t<div class=\"elementor-widget-wrap\">\n\t\t\t\t\t\t<div class=\"elementor-element elementor-element-74da54a elementor-widget elementor-widget-heading\" data-id=\"74da54a\" data-element_type=\"widget\" data-widget_type=\"heading.default\">\n\t\t\t\t<div class=\"elementor-widget-container\">\n\t\t\t<p class=\"elementor-heading-title elementor-size-default\">Mentions l\u00e9gales<\/p>\t\t<\/div>\n\t\t\t\t<\/div>\n\t\t\t\t<div class=\"elementor-element elementor-element-ace75e2 elementor-widget elementor-widget-text-editor\" data-id=\"ace75e2\" data-element_type=\"widget\" data-widget_type=\"text-editor.default\">\n\t\t\t\t<div class=\"elementor-widget-container\">\n\t\t\t\t\t\t\t\t<div class=\"elementor-text-editor elementor-clearfix\">\n\t\t\t\t<h3>Association des Archivistes Francophones de Belgique asbl<\/h3><p><b>Si\u00e8ge social<\/b><br \/>Rue de l&#8217;Hospice, 125<br \/>B-7110 Houdeng-Aimeries<\/p><p><b>Si\u00e8ge administratif<br \/><\/b> Rue Nanon, 98<br \/>B-5000 Namur<\/p><p><b>Num\u00e9ro d\u2019entreprise <\/b>: BE 0885.806.671<br \/>RPM Hainaut (div. Mons)<br \/><b>Belfius<\/b> : BE10068246261304<\/p><h3><b>Avec le soutien de la F\u00e9d\u00e9ration Wallonie-Bruxelles<\/b><\/h3>\t\t\t\t\t<\/div>\n\t\t\t\t\t\t<\/div>\n\t\t\t\t<\/div>\n\t\t\t\t\t\t<\/div>\n\t\t\t\t\t<\/div>\n\t\t<\/div>\n\t\t\t\t<div class=\"elementor-column elementor-col-33 elementor-top-column elementor-element elementor-element-395b6fc\" data-id=\"395b6fc\" data-element_type=\"column\">\n\t\t\t<div class=\"elementor-column-wrap elementor-element-populated\">\n\t\t\t\t\t\t\t<div class=\"elementor-widget-wrap\">\n\t\t\t\t\t\t<div class=\"elementor-element elementor-element-496349b elementor-widget elementor-widget-image\" data-id=\"496349b\" data-element_type=\"widget\" data-widget_type=\"image.default\">\n\t\t\t\t<div class=\"elementor-widget-container\">\n\t\t\t\t\t\t\t\t<div class=\"elementor-image\">\n\t\t\t\t\t\t\t\t\t\t\t\t<img width=\"1000\" height=\"698\" src=\"https:\/\/archivesquarantainearchief.be\/wp-content\/uploads\/2020\/04\/FWB_final.png\" class=\"attachment-large size-large\" alt=\"\" loading=\"lazy\" srcset=\"https:\/\/archivesquarantainearchief.be\/wp-content\/uploads\/2020\/04\/FWB_final.png 1000w, https:\/\/archivesquarantainearchief.be\/wp-content\/uploads\/2020\/04\/FWB_final-300x209.png 300w, https:\/\/archivesquarantainearchief.be\/wp-content\/uploads\/2020\/04\/FWB_final-768x536.png 768w\" sizes=\"(max-width: 1000px) 100vw, 1000px\" \/>\t\t\t\t\t\t\t\t\t\t\t\t\t\t<\/div>\n\t\t\t\t\t\t<\/div>\n\t\t\t\t<\/div>\n\t\t\t\t\t\t<\/div>\n\t\t\t\t\t<\/div>\n\t\t<\/div>\n\t\t\t\t\t\t\t\t<\/div>\n\t\t\t\t\t<\/div>\n\t\t<\/section>\n\t\t\t\t\t\t<\/div>\n\t\t\t\t\t\t<\/div>\n\t\t\t\t\t<\/div>\n\t\t","protected":false},"excerpt":{"rendered":"<p>Qui sommes-nous ? L&#8217;AAFB Cr\u00e9\u00e9e en 2005, l\u2019Association des archivistes francophones de Belgique (AAFB) r\u00e9unit des professionnels qui partagent une passion et un m\u00e9tier communs : la gestion et la valorisation d\u2019archives. Reconnue comme F\u00e9d\u00e9ration repr\u00e9sentative des archivistes, nos missions principales sont de f\u00e9d\u00e9rer les repr\u00e9sentants des diff\u00e9rents secteurs du monde archivistique belge francophone, de&hellip;&nbsp;<a href=\"http:\/\/archivesquarantainearchief.be\/fr\/qui-sommes-nous\/\" class=\"\" rel=\"bookmark\">Lire la suite &raquo;<span class=\"screen-reader-text\">Qui sommes-nous ?<\/span><\/a><\/p>\n","protected":false},"author":1,"featured_media":621,"parent":0,"menu_order":0,"comment_status":"closed","ping_status":"closed","template":"elementor_header_footer","meta":{"_links_to":"","_links_to_target":""},"uagb_featured_image_src":{"full":["https:\/\/archivesquarantainearchief.be\/wp-content\/uploads\/2020\/04\/team.jpg",1500,1000,false],"thumbnail":["https:\/\/archivesquarantainearchief.be\/wp-content\/uploads\/2020\/04\/team-150x150.jpg",150,150,true],"medium":["https:\/\/archivesquarantainearchief.be\/wp-content\/uploads\/2020\/04\/team-300x200.jpg",300,200,true],"medium_large":["https:\/\/archivesquarantainearchief.be\/wp-content\/uploads\/2020\/04\/team-768x512.jpg",768,512,true],"large":["https:\/\/archivesquarantainearchief.be\/wp-content\/uploads\/2020\/04\/team-1024x683.jpg",1024,683,true],"1536x1536":["https:\/\/archivesquarantainearchief.be\/wp-content\/uploads\/2020\/04\/team.jpg",1500,1000,false],"2048x2048":["https:\/\/archivesquarantainearchief.be\/wp-content\/uploads\/2020\/04\/team.jpg",1500,1000,false],"trp-custom-language-flag":["https:\/\/archivesquarantainearchief.be\/wp-content\/uploads\/2020\/04\/team.jpg",18,12,false],"neve-blog":["https:\/\/archivesquarantainearchief.be\/wp-content\/uploads\/2020\/04\/team-930x620.jpg",930,620,true],"audioigniter_cover":["https:\/\/archivesquarantainearchief.be\/wp-content\/uploads\/2020\/04\/team.jpg",560,373,false]},"uagb_author_info":{"display_name":"Lionel Vanvelthem, IHOES","author_link":"http:\/\/archivesquarantainearchief.be\/fr\/author\/lvanvelthem\/"},"uagb_comment_info":0,"uagb_excerpt":"Qui sommes-nous ? L&#8217;AAFB Cr\u00e9\u00e9e en 2005, l\u2019Association des archivistes francophones de Belgique (AAFB) r\u00e9unit des professionnels qui partagent une passion et un m\u00e9tier communs : la gestion et la valorisation d\u2019archives. Reconnue comme F\u00e9d\u00e9ration repr\u00e9sentative des archivistes, nos missions principales sont de f\u00e9d\u00e9rer les repr\u00e9sentants des diff\u00e9rents secteurs du monde archivistique belge francophone, de&hellip;&nbsp;Lire&hellip;","_links":{"self":[{"href":"http:\/\/archivesquarantainearchief.be\/fr\/wp-json\/wp\/v2\/pages\/614"}],"collection":[{"href":"http:\/\/archivesquarantainearchief.be\/fr\/wp-json\/wp\/v2\/pages"}],"about":[{"href":"http:\/\/archivesquarantainearchief.be\/fr\/wp-json\/wp\/v2\/types\/page"}],"author":[{"embeddable":true,"href":"http:\/\/archivesquarantainearchief.be\/fr\/wp-json\/wp\/v2\/users\/1"}],"replies":[{"embeddable":true,"href":"http:\/\/archivesquarantainearchief.be\/fr\/wp-json\/wp\/v2\/comments?post=614"}],"version-history":[{"count":40,"href":"http:\/\/archivesquarantainearchief.be\/fr\/wp-json\/wp\/v2\/pages\/614\/revisions"}],"predecessor-version":[{"id":2175,"href":"http:\/\/archivesquarantainearchief.be\/fr\/wp-json\/wp\/v2\/pages\/614\/revisions\/2175"}],"wp:featuredmedia":[{"embeddable":true,"href":"http:\/\/archivesquarantainearchief.be\/fr\/wp-json\/wp\/v2\/media\/621"}],"wp:attachment":[{"href":"http:\/\/archivesquarantainearchief.be\/fr\/wp-json\/wp\/v2\/media?parent=614"}],"curies":[{"name":"wp","href":"https:\/\/api.w.org\/{rel}","templated":true}]}}