{"id":22,"date":"2019-11-18T09:26:37","date_gmt":"2019-11-18T09:26:37","guid":{"rendered":"https:\/\/demo.themeisle.com\/neve-blogger\/?page_id=22"},"modified":"2023-10-09T15:37:11","modified_gmt":"2023-10-09T13:37:11","slug":"705ea-contact","status":"publish","type":"page","link":"http:\/\/archivesquarantainearchief.be\/nl\/705ea-contact\/","title":{"rendered":"Contact"},"content":{"rendered":"<div data-elementor-type=\"wp-post\" data-elementor-id=\"22\" class=\"elementor elementor-22\" data-elementor-settings=\"[]\">\n\t\t\t\t\t\t<div class=\"elementor-inner\">\n\t\t\t\t\t\t\t<div class=\"elementor-section-wrap\">\n\t\t\t\t\t\t\t<section class=\"elementor-section elementor-top-section elementor-element elementor-element-5d62140 elementor-section-boxed elementor-section-height-default elementor-section-height-default\" data-id=\"5d62140\" data-element_type=\"section\" data-settings=\"{&quot;background_background&quot;:&quot;classic&quot;}\">\n\t\t\t\t\t\t<div class=\"elementor-container elementor-column-gap-default\">\n\t\t\t\t\t\t\t<div class=\"elementor-row\">\n\t\t\t\t\t<div class=\"elementor-column elementor-col-33 elementor-top-column elementor-element elementor-element-989f4e6\" data-id=\"989f4e6\" data-element_type=\"column\">\n\t\t\t<div class=\"elementor-column-wrap\">\n\t\t\t\t\t\t\t<div class=\"elementor-widget-wrap\">\n\t\t\t\t\t\t\t\t<\/div>\n\t\t\t\t\t<\/div>\n\t\t<\/div>\n\t\t\t\t<div class=\"elementor-column elementor-col-33 elementor-top-column elementor-element elementor-element-e7ce11e\" data-id=\"e7ce11e\" data-element_type=\"column\">\n\t\t\t<div class=\"elementor-column-wrap\">\n\t\t\t\t\t\t\t<div class=\"elementor-widget-wrap\">\n\t\t\t\t\t\t\t\t<\/div>\n\t\t\t\t\t<\/div>\n\t\t<\/div>\n\t\t\t\t<div class=\"elementor-column elementor-col-33 elementor-top-column elementor-element elementor-element-4ec08bc\" data-id=\"4ec08bc\" data-element_type=\"column\">\n\t\t\t<div class=\"elementor-column-wrap\">\n\t\t\t\t\t\t\t<div class=\"elementor-widget-wrap\">\n\t\t\t\t\t\t\t\t<\/div>\n\t\t\t\t\t<\/div>\n\t\t<\/div>\n\t\t\t\t\t\t\t\t<\/div>\n\t\t\t\t\t<\/div>\n\t\t<\/section>\n\t\t\t\t<section class=\"elementor-section elementor-top-section elementor-element elementor-element-e6e81c0 elementor-section-boxed elementor-section-height-default elementor-section-height-default\" data-id=\"e6e81c0\" data-element_type=\"section\" data-settings=\"{&quot;background_background&quot;:&quot;classic&quot;}\">\n\t\t\t\t\t\t<div class=\"elementor-container elementor-column-gap-default\">\n\t\t\t\t\t\t\t<div class=\"elementor-row\">\n\t\t\t\t\t<div class=\"elementor-column elementor-col-100 elementor-top-column elementor-element elementor-element-0781d79\" data-id=\"0781d79\" data-element_type=\"column\">\n\t\t\t<div class=\"elementor-column-wrap elementor-element-populated\">\n\t\t\t\t\t\t\t<div class=\"elementor-widget-wrap\">\n\t\t\t\t\t\t<div class=\"elementor-element elementor-element-9d3f482 elementor-widget elementor-widget-spacer\" data-id=\"9d3f482\" data-element_type=\"widget\" data-widget_type=\"spacer.default\">\n\t\t\t\t<div class=\"elementor-widget-container\">\n\t\t\t\t\t<div class=\"elementor-spacer\">\n\t\t\t<div class=\"elementor-spacer-inner\"><\/div>\n\t\t<\/div>\n\t\t\t\t<\/div>\n\t\t\t\t<\/div>\n\t\t\t\t\t\t<\/div>\n\t\t\t\t\t<\/div>\n\t\t<\/div>\n\t\t\t\t\t\t\t\t<\/div>\n\t\t\t\t\t<\/div>\n\t\t<\/section>\n\t\t\t\t<section class=\"elementor-section elementor-top-section elementor-element elementor-element-5472a3e elementor-section-boxed elementor-section-height-default elementor-section-height-default\" data-id=\"5472a3e\" data-element_type=\"section\" data-settings=\"{&quot;background_background&quot;:&quot;classic&quot;}\">\n\t\t\t\t\t\t<div class=\"elementor-container elementor-column-gap-default\">\n\t\t\t\t\t\t\t<div class=\"elementor-row\">\n\t\t\t\t\t<div class=\"elementor-column elementor-col-50 elementor-top-column elementor-element elementor-element-3e9be07\" data-id=\"3e9be07\" data-element_type=\"column\">\n\t\t\t<div class=\"elementor-column-wrap elementor-element-populated\">\n\t\t\t\t\t\t\t<div class=\"elementor-widget-wrap\">\n\t\t\t\t\t\t<div class=\"elementor-element elementor-element-5e24009 elementor-widget elementor-widget-heading\" data-id=\"5e24009\" data-element_type=\"widget\" data-widget_type=\"heading.default\">\n\t\t\t\t<div class=\"elementor-widget-container\">\n\t\t\t<h1 class=\"elementor-heading-title elementor-size-default\">CONTACTEER ONS<\/h1>\t\t<\/div>\n\t\t\t\t<\/div>\n\t\t\t\t<div class=\"elementor-element elementor-element-62eaa49 elementor-widget elementor-widget-text-editor\" data-id=\"62eaa49\" data-element_type=\"widget\" data-widget_type=\"text-editor.default\">\n\t\t\t\t<div class=\"elementor-widget-container\">\n\t\t\t\t\t\t\t\t<div class=\"elementor-text-editor elementor-clearfix\">\n\t\t\t\t<p><span style=\"letter-spacing: 0px;\">Vous avez une question g\u00e9n\u00e9rale sur ce projet ou bien vous avez envie de rejoindre notre petite \u00e9quipe motiv\u00e9e ? Cette plate-forme est collaborative et ouverte \u00e0 toutes les bonnes volont\u00e9s (que vous soyez archiviste ou non). Utilisez une des adresses suivantes : <\/span><a style=\"letter-spacing: 0px;\" href=\"mailto:secretaire@archivistes.be\">secretaire@archivistes.be <\/a><span style=\"letter-spacing: 0px;\">of<\/span><a style=\"letter-spacing: 0px;\" href=\"mailto:vvbad@vvbad.be\"> vvbad@vvbad.be<\/a><span style=\"letter-spacing: 0px;\">.<\/span><\/p><p><span style=\"letter-spacing: 0px;\"><br><\/span><\/p><p><span style=\"letter-spacing: 0px;\"><br><\/span><\/p><p><span style=\"letter-spacing: 0px;\"><br><\/span><\/p><p><span style=\"letter-spacing: 0px;\"><br><\/span><\/p><p><span style=\"letter-spacing: 0px;\"><br><\/span><\/p>\t\t\t\t\t<\/div>\n\t\t\t\t\t\t<\/div>\n\t\t\t\t<\/div>\n\t\t\t\t<div class=\"elementor-element elementor-element-65a6f43 elementor-widget elementor-widget-text-editor\" data-id=\"65a6f43\" data-element_type=\"widget\" data-widget_type=\"text-editor.default\">\n\t\t\t\t<div class=\"elementor-widget-container\">\n\t\t\t\t\t\t\t\t<div class=\"elementor-text-editor elementor-clearfix\">\n\t\t\t\t\t\t\t\t\t<\/div>\n\t\t\t\t\t\t<\/div>\n\t\t\t\t<\/div>\n\t\t\t\t\t\t<\/div>\n\t\t\t\t\t<\/div>\n\t\t<\/div>\n\t\t\t\t<div class=\"elementor-column elementor-col-50 elementor-top-column elementor-element elementor-element-d6188b7\" data-id=\"d6188b7\" data-element_type=\"column\" data-settings=\"{&quot;background_background&quot;:&quot;classic&quot;}\">\n\t\t\t<div class=\"elementor-column-wrap elementor-element-populated\">\n\t\t\t\t\t\t\t<div class=\"elementor-widget-wrap\">\n\t\t\t\t\t\t<div class=\"elementor-element elementor-element-c3f68fb elementor-widget elementor-widget-heading\" data-id=\"c3f68fb\" data-element_type=\"widget\" data-widget_type=\"heading.default\">\n\t\t\t\t<div class=\"elementor-widget-container\">\n\t\t\t<h1 class=\"elementor-heading-title elementor-size-default\">Een initiatief delen?<\/h1>\t\t<\/div>\n\t\t\t\t<\/div>\n\t\t\t\t<div class=\"elementor-element elementor-element-8ed3298 elementor-widget elementor-widget-text-editor\" data-id=\"8ed3298\" data-element_type=\"widget\" data-widget_type=\"text-editor.default\">\n\t\t\t\t<div class=\"elementor-widget-container\">\n\t\t\t\t\t\t\t\t<div class=\"elementor-text-editor elementor-clearfix\">\n\t\t\t\t<p>Afin de nous transmettre vos initiatives, vos t\u00e9moignages et\/ou afin de valoriser les archives que vous avez collect\u00e9es, merci de compl\u00e9ter <a href=\"https:\/\/archivesquarantainearchief.be\/wp-content\/uploads\/2020\/04\/identification_form_FR_NL.pdf\" target=\"_blank\" rel=\"noopener\">CE FORMULAIRE<\/a>\u00a0et l&#8217;envoyer par e-mail \u00e0 <a href=\"mailto:secretaire@archivistes.be\">secretaire@archivistes.be<\/a>.<\/p>\t\t\t\t\t<\/div>\n\t\t\t\t\t\t<\/div>\n\t\t\t\t<\/div>\n\t\t\t\t\t\t<\/div>\n\t\t\t\t\t<\/div>\n\t\t<\/div>\n\t\t\t\t\t\t\t\t<\/div>\n\t\t\t\t\t<\/div>\n\t\t<\/section>\n\t\t\t\t\t\t<\/div>\n\t\t\t\t\t\t<\/div>\n\t\t\t\t\t<\/div>","protected":false},"excerpt":{"rendered":"<p>CONTACTEZ-NOUS Vous avez une question g\u00e9n\u00e9rale sur ce projet ou bien vous avez envie de rejoindre notre petite \u00e9quipe motiv\u00e9e ? Cette plate-forme est collaborative et ouverte \u00e0 toutes les bonnes volont\u00e9s (que vous soyez archiviste ou non). Utilisez une des adresses suivantes : secretaire@archivistes.be ou vvbad@vvbad.be. partager une initiative ? Afin de nous transmettre&hellip;&nbsp;<a href=\"http:\/\/archivesquarantainearchief.be\/nl\/705ea-contact\/\" class=\"\" rel=\"bookmark\">Lees verder &raquo;<span class=\"screen-reader-text\">Contact<\/span><\/a><\/p>","protected":false},"author":1,"featured_media":0,"parent":0,"menu_order":0,"comment_status":"closed","ping_status":"closed","template":"elementor_header_footer","meta":{"_links_to":"","_links_to_target":""},"uagb_featured_image_src":{"full":false,"thumbnail":false,"medium":false,"medium_large":false,"large":false,"1536x1536":false,"2048x2048":false,"trp-custom-language-flag":false,"neve-blog":false,"audioigniter_cover":false},"uagb_author_info":{"display_name":"Lionel Vanvelthem, IHOES","author_link":"http:\/\/archivesquarantainearchief.be\/nl\/author\/lvanvelthem\/"},"uagb_comment_info":0,"uagb_excerpt":"CONTACTEZ-NOUS Vous avez une question g\u00e9n\u00e9rale sur ce projet ou bien vous avez envie de rejoindre notre petite \u00e9quipe motiv\u00e9e ? Cette plate-forme est collaborative et ouverte \u00e0 toutes les bonnes volont\u00e9s (que vous soyez archiviste ou non). Utilisez une des adresses suivantes : secretaire@archivistes.be ou vvbad@vvbad.be. partager une initiative ? Afin de nous transmettre&hellip;&nbsp;Lees&hellip;","_links":{"self":[{"href":"http:\/\/archivesquarantainearchief.be\/nl\/wp-json\/wp\/v2\/pages\/22"}],"collection":[{"href":"http:\/\/archivesquarantainearchief.be\/nl\/wp-json\/wp\/v2\/pages"}],"about":[{"href":"http:\/\/archivesquarantainearchief.be\/nl\/wp-json\/wp\/v2\/types\/page"}],"author":[{"embeddable":true,"href":"http:\/\/archivesquarantainearchief.be\/nl\/wp-json\/wp\/v2\/users\/1"}],"replies":[{"embeddable":true,"href":"http:\/\/archivesquarantainearchief.be\/nl\/wp-json\/wp\/v2\/comments?post=22"}],"version-history":[{"count":45,"href":"http:\/\/archivesquarantainearchief.be\/nl\/wp-json\/wp\/v2\/pages\/22\/revisions"}],"predecessor-version":[{"id":4095,"href":"http:\/\/archivesquarantainearchief.be\/nl\/wp-json\/wp\/v2\/pages\/22\/revisions\/4095"}],"wp:attachment":[{"href":"http:\/\/archivesquarantainearchief.be\/nl\/wp-json\/wp\/v2\/media?parent=22"}],"curies":[{"name":"wp","href":"https:\/\/api.w.org\/{rel}","templated":true}]}}