{"id":555,"date":"2020-04-08T15:20:41","date_gmt":"2020-04-08T13:20:41","guid":{"rendered":"https:\/\/archivesquarantainearchief.be\/?page_id=555"},"modified":"2020-05-28T11:48:06","modified_gmt":"2020-05-28T09:48:06","slug":"pourquoi-ce-site","status":"publish","type":"page","link":"https:\/\/archivesquarantainearchief.be\/fr\/pourquoi-ce-site\/","title":{"rendered":"Pourquoi ce site ?"},"content":{"rendered":"\t\t<div data-elementor-type=\"wp-post\" data-elementor-id=\"555\" class=\"elementor elementor-555\" data-elementor-settings=\"[]\">\n\t\t\t\t\t\t<div class=\"elementor-inner\">\n\t\t\t\t\t\t\t<div class=\"elementor-section-wrap\">\n\t\t\t\t\t\t\t<section class=\"elementor-section elementor-top-section elementor-element elementor-element-13d6da5 elementor-section-boxed elementor-section-height-default elementor-section-height-default\" data-id=\"13d6da5\" data-element_type=\"section\" data-settings=\"{&quot;background_background&quot;:&quot;classic&quot;}\">\n\t\t\t\t\t\t<div class=\"elementor-container elementor-column-gap-default\">\n\t\t\t\t\t\t\t<div class=\"elementor-row\">\n\t\t\t\t\t<div class=\"elementor-column elementor-col-33 elementor-top-column elementor-element elementor-element-37d89fa\" data-id=\"37d89fa\" data-element_type=\"column\">\n\t\t\t<div class=\"elementor-column-wrap\">\n\t\t\t\t\t\t\t<div class=\"elementor-widget-wrap\">\n\t\t\t\t\t\t\t\t<\/div>\n\t\t\t\t\t<\/div>\n\t\t<\/div>\n\t\t\t\t<div class=\"elementor-column elementor-col-33 elementor-top-column elementor-element elementor-element-b0a515e\" data-id=\"b0a515e\" data-element_type=\"column\">\n\t\t\t<div class=\"elementor-column-wrap\">\n\t\t\t\t\t\t\t<div class=\"elementor-widget-wrap\">\n\t\t\t\t\t\t\t\t<\/div>\n\t\t\t\t\t<\/div>\n\t\t<\/div>\n\t\t\t\t<div class=\"elementor-column elementor-col-33 elementor-top-column elementor-element elementor-element-5649058\" data-id=\"5649058\" data-element_type=\"column\">\n\t\t\t<div class=\"elementor-column-wrap\">\n\t\t\t\t\t\t\t<div class=\"elementor-widget-wrap\">\n\t\t\t\t\t\t\t\t<\/div>\n\t\t\t\t\t<\/div>\n\t\t<\/div>\n\t\t\t\t\t\t\t\t<\/div>\n\t\t\t\t\t<\/div>\n\t\t<\/section>\n\t\t\t\t<section class=\"elementor-section elementor-top-section elementor-element elementor-element-3b1daeb elementor-section-boxed elementor-section-height-default elementor-section-height-default elementor-invisible\" data-id=\"3b1daeb\" data-element_type=\"section\" data-settings=\"{&quot;background_background&quot;:&quot;classic&quot;,&quot;animation&quot;:&quot;fadeIn&quot;}\">\n\t\t\t\t\t\t<div class=\"elementor-container elementor-column-gap-extended\">\n\t\t\t\t\t\t\t<div class=\"elementor-row\">\n\t\t\t\t\t<div class=\"elementor-column elementor-col-33 elementor-top-column elementor-element elementor-element-73c878e\" data-id=\"73c878e\" data-element_type=\"column\">\n\t\t\t<div class=\"elementor-column-wrap elementor-element-populated\">\n\t\t\t\t\t\t\t<div class=\"elementor-widget-wrap\">\n\t\t\t\t\t\t<div class=\"elementor-element elementor-element-8f29751 elementor-widget elementor-widget-image\" data-id=\"8f29751\" data-element_type=\"widget\" data-widget_type=\"image.default\">\n\t\t\t\t<div class=\"elementor-widget-container\">\n\t\t\t\t\t\t\t\t<div class=\"elementor-image\">\n\t\t\t\t\t\t\t\t\t\t\t\t<img width=\"1000\" height=\"667\" src=\"https:\/\/archivesquarantainearchief.be\/wp-content\/uploads\/2020\/04\/virus-a-typewritten-word-in-macro-copie.jpg\" class=\"attachment-large size-large\" alt=\"\" loading=\"lazy\" srcset=\"https:\/\/archivesquarantainearchief.be\/wp-content\/uploads\/2020\/04\/virus-a-typewritten-word-in-macro-copie.jpg 1000w, https:\/\/archivesquarantainearchief.be\/wp-content\/uploads\/2020\/04\/virus-a-typewritten-word-in-macro-copie-300x200.jpg 300w, https:\/\/archivesquarantainearchief.be\/wp-content\/uploads\/2020\/04\/virus-a-typewritten-word-in-macro-copie-768x512.jpg 768w, https:\/\/archivesquarantainearchief.be\/wp-content\/uploads\/2020\/04\/virus-a-typewritten-word-in-macro-copie-930x620.jpg 930w\" sizes=\"(max-width: 1000px) 100vw, 1000px\" \/>\t\t\t\t\t\t\t\t\t\t\t\t\t\t<\/div>\n\t\t\t\t\t\t<\/div>\n\t\t\t\t<\/div>\n\t\t\t\t\t\t<\/div>\n\t\t\t\t\t<\/div>\n\t\t<\/div>\n\t\t\t\t<div class=\"elementor-column elementor-col-66 elementor-top-column elementor-element elementor-element-f3cd668\" data-id=\"f3cd668\" data-element_type=\"column\" data-settings=\"{&quot;background_background&quot;:&quot;classic&quot;}\">\n\t\t\t<div class=\"elementor-column-wrap elementor-element-populated\">\n\t\t\t\t\t\t\t<div class=\"elementor-widget-wrap\">\n\t\t\t\t\t\t<div class=\"elementor-element elementor-element-d806e3f elementor-widget elementor-widget-heading\" data-id=\"d806e3f\" data-element_type=\"widget\" data-no-translation=\"\" data-widget_type=\"heading.default\">\n\t\t\t\t<div class=\"elementor-widget-container\">\n\t\t\t<p class=\"elementor-heading-title elementor-size-large\">Pourquoi ce site ?<\/p>\t\t<\/div>\n\t\t\t\t<\/div>\n\t\t\t\t<div class=\"elementor-element elementor-element-2539d01 elementor-widget elementor-widget-heading\" data-id=\"2539d01\" data-element_type=\"widget\" data-no-translation=\"\" data-widget_type=\"heading.default\">\n\t\t\t\t<div class=\"elementor-widget-container\">\n\t\t\t<style>.elementor-element-2539d01{display:none !important}<\/style>\t\t<\/div>\n\t\t\t\t<\/div>\n\t\t\t\t<div class=\"elementor-element elementor-element-d5a3187 text-bigger elementor-widget elementor-widget-heading\" data-id=\"d5a3187\" data-element_type=\"widget\" data-no-translation=\"\" data-widget_type=\"heading.default\">\n\t\t\t\t<div class=\"elementor-widget-container\">\n\t\t\t<span class=\"elementor-heading-title elementor-size-default\"><strong>Sans nul doute, la p\u00e9riode de confinement que nous subissons \u00e0 la suite de la pand\u00e9mie de Covid-19 est historique. Nos quotidiens, nos routines, notre travail, nos habitudes se retrouvent chamboul\u00e9s par ce temps d\u2019arr\u00eat que nous vivons...<\/strong><\/span>\t\t<\/div>\n\t\t\t\t<\/div>\n\t\t\t\t<div class=\"elementor-element elementor-element-a905944 text-bigger elementor-widget elementor-widget-heading\" data-id=\"a905944\" data-element_type=\"widget\" data-no-translation=\"\" data-widget_type=\"heading.default\">\n\t\t\t\t<div class=\"elementor-widget-container\">\n\t\t\t<style>.elementor-element-a905944{display:none !important}<\/style>\t\t<\/div>\n\t\t\t\t<\/div>\n\t\t\t\t\t\t<\/div>\n\t\t\t\t\t<\/div>\n\t\t<\/div>\n\t\t\t\t\t\t\t\t<\/div>\n\t\t\t\t\t<\/div>\n\t\t<\/section>\n\t\t\t\t<section class=\"elementor-section elementor-top-section elementor-element elementor-element-6581b36 elementor-section-boxed elementor-section-height-default elementor-section-height-default elementor-invisible\" data-id=\"6581b36\" data-element_type=\"section\" data-settings=\"{&quot;background_background&quot;:&quot;classic&quot;,&quot;animation&quot;:&quot;fadeIn&quot;}\">\n\t\t\t\t\t\t<div class=\"elementor-container elementor-column-gap-default\">\n\t\t\t\t\t\t\t<div class=\"elementor-row\">\n\t\t\t\t\t<div class=\"elementor-column elementor-col-66 elementor-top-column elementor-element elementor-element-ae6ab17\" data-id=\"ae6ab17\" data-element_type=\"column\">\n\t\t\t<div class=\"elementor-column-wrap elementor-element-populated\">\n\t\t\t\t\t\t\t<div class=\"elementor-widget-wrap\">\n\t\t\t\t\t\t<div class=\"elementor-element elementor-element-e525ae7 elementor-widget elementor-widget-heading\" data-id=\"e525ae7\" data-element_type=\"widget\" data-no-translation=\"\" data-widget_type=\"heading.default\">\n\t\t\t\t<div class=\"elementor-widget-container\">\n\t\t\t<p class=\"elementor-heading-title elementor-size-default\">Appel aux archivistes...<\/p>\t\t<\/div>\n\t\t\t\t<\/div>\n\t\t\t\t<div class=\"elementor-element elementor-element-2676262 elementor-widget elementor-widget-heading\" data-id=\"2676262\" data-element_type=\"widget\" data-no-translation=\"\" data-widget_type=\"heading.default\">\n\t\t\t\t<div class=\"elementor-widget-container\">\n\t\t\t<style>.elementor-element-2676262{display:none !important}<\/style>\t\t<\/div>\n\t\t\t\t<\/div>\n\t\t\t\t<div class=\"elementor-element elementor-element-22b90bc elementor-widget elementor-widget-text-editor\" data-id=\"22b90bc\" data-element_type=\"widget\" data-no-translation=\"\" data-widget_type=\"text-editor.default\">\n\t\t\t\t<div class=\"elementor-widget-container\">\n\t\t\t\t\t\t\t\t<div class=\"elementor-text-editor elementor-clearfix\">\n\t\t\t\t<p>En lan\u00e7ant le projet \u00ab\u00a0<b>Archives de Quarantaine Archief : dossier Covid-19<\/b>\u00a0\u00bb (<b>#AQA<\/b>), notre objectif est de mobiliser les archivistes \u00e0 collecter les sources produites durant cette crise et \u00e0 promouvoir notre m\u00e9tier. Durant cette p\u00e9riode, les archivistes jouent un r\u00f4le essentiel pour compiler et sauvegarder les r\u00e9cits, les t\u00e9moignages, les r\u00e9flexions, les photographies, etc. des citoyen\u00b7nes belges, acteurs \u00e9conomiques et sociaux et organisations belges.\u00a0<\/p>\t\t\t\t\t<\/div>\n\t\t\t\t\t\t<\/div>\n\t\t\t\t<\/div>\n\t\t\t\t<div class=\"elementor-element elementor-element-219ae4c elementor-widget elementor-widget-text-editor\" data-id=\"219ae4c\" data-element_type=\"widget\" data-no-translation=\"\" data-widget_type=\"text-editor.default\">\n\t\t\t\t<div class=\"elementor-widget-container\">\n\t\t\t<style>.elementor-element-219ae4c{display:none !important}<\/style>\t\t<\/div>\n\t\t\t\t<\/div>\n\t\t\t\t<div class=\"elementor-element elementor-element-5f211ec elementor-widget elementor-widget-text-editor\" data-id=\"5f211ec\" data-element_type=\"widget\" data-no-translation=\"\" data-widget_type=\"text-editor.default\">\n\t\t\t\t<div class=\"elementor-widget-container\">\n\t\t\t\t\t\t\t\t<div class=\"elementor-text-editor elementor-clearfix\">\n\t\t\t\tNotre souhait est de venir en soutien aux centres et services d\u2019archives qui lancent un projet de collecte en leur proposant une vitrine de relais des diff\u00e9rentes initiatives (page \u00ab&nbsp;<a href=\"..\/category\/les-archivistes-en-action\/\" rel=\"noopener\"><b>Les archivistes en action<\/b><\/a>&nbsp;\u00bb) et des fiches pratiques d\u2019aide \u00e0 la collecte et \u00e0 la sauvegarde (page \u00ab&nbsp;<a href=\"..\/category\/outils\/\" rel=\"noopener\"><b>Outils<\/b><\/a>&nbsp;\u00bb).\t\t\t\t\t<\/div>\n\t\t\t\t\t\t<\/div>\n\t\t\t\t<\/div>\n\t\t\t\t<div class=\"elementor-element elementor-element-8c40abb elementor-widget elementor-widget-text-editor\" data-id=\"8c40abb\" data-element_type=\"widget\" data-no-translation=\"\" data-widget_type=\"text-editor.default\">\n\t\t\t\t<div class=\"elementor-widget-container\">\n\t\t\t<style>.elementor-element-8c40abb{display:none !important}<\/style>\t\t<\/div>\n\t\t\t\t<\/div>\n\t\t\t\t\t\t<\/div>\n\t\t\t\t\t<\/div>\n\t\t<\/div>\n\t\t\t\t<div class=\"elementor-column elementor-col-33 elementor-top-column elementor-element elementor-element-3f78d3e\" data-id=\"3f78d3e\" data-element_type=\"column\">\n\t\t\t<div class=\"elementor-column-wrap elementor-element-populated\">\n\t\t\t\t\t\t\t<div class=\"elementor-widget-wrap\">\n\t\t\t\t\t\t<div class=\"elementor-element elementor-element-fb411ed elementor-widget elementor-widget-image\" data-id=\"fb411ed\" data-element_type=\"widget\" data-widget_type=\"image.default\">\n\t\t\t\t<div class=\"elementor-widget-container\">\n\t\t\t\t\t\t\t\t<div class=\"elementor-image\">\n\t\t\t\t\t\t\t\t\t\t\t\t<img width=\"768\" height=\"1024\" src=\"https:\/\/archivesquarantainearchief.be\/wp-content\/uploads\/2020\/04\/archive-1471320-768x1024.jpg\" class=\"attachment-large size-large\" alt=\"\" loading=\"lazy\" srcset=\"https:\/\/archivesquarantainearchief.be\/wp-content\/uploads\/2020\/04\/archive-1471320-768x1024.jpg 768w, https:\/\/archivesquarantainearchief.be\/wp-content\/uploads\/2020\/04\/archive-1471320-225x300.jpg 225w, https:\/\/archivesquarantainearchief.be\/wp-content\/uploads\/2020\/04\/archive-1471320.jpg 900w\" sizes=\"(max-width: 768px) 100vw, 768px\" \/>\t\t\t\t\t\t\t\t\t\t\t\t\t\t<\/div>\n\t\t\t\t\t\t<\/div>\n\t\t\t\t<\/div>\n\t\t\t\t\t\t<\/div>\n\t\t\t\t\t<\/div>\n\t\t<\/div>\n\t\t\t\t\t\t\t\t<\/div>\n\t\t\t\t\t<\/div>\n\t\t<\/section>\n\t\t\t\t<section class=\"elementor-section elementor-top-section elementor-element elementor-element-82bee56 elementor-section-boxed elementor-section-height-default elementor-section-height-default elementor-invisible\" data-id=\"82bee56\" data-element_type=\"section\" data-settings=\"{&quot;background_background&quot;:&quot;classic&quot;,&quot;animation&quot;:&quot;fadeIn&quot;}\">\n\t\t\t\t\t\t<div class=\"elementor-container elementor-column-gap-extended\">\n\t\t\t\t\t\t\t<div class=\"elementor-row\">\n\t\t\t\t\t<div class=\"elementor-column elementor-col-33 elementor-top-column elementor-element elementor-element-2e86101\" data-id=\"2e86101\" data-element_type=\"column\">\n\t\t\t<div class=\"elementor-column-wrap elementor-element-populated\">\n\t\t\t\t\t\t\t<div class=\"elementor-widget-wrap\">\n\t\t\t\t\t\t<div class=\"elementor-element elementor-element-1c09341 elementor-widget elementor-widget-image\" data-id=\"1c09341\" data-element_type=\"widget\" data-widget_type=\"image.default\">\n\t\t\t\t<div class=\"elementor-widget-container\">\n\t\t\t\t\t\t\t\t<div class=\"elementor-image\">\n\t\t\t\t\t\t\t\t\t\t\t\t<img width=\"1024\" height=\"880\" src=\"https:\/\/archivesquarantainearchief.be\/wp-content\/uploads\/2020\/04\/people-1024x880.jpg\" class=\"attachment-large size-large\" alt=\"\" loading=\"lazy\" srcset=\"https:\/\/archivesquarantainearchief.be\/wp-content\/uploads\/2020\/04\/people-1024x880.jpg 1024w, https:\/\/archivesquarantainearchief.be\/wp-content\/uploads\/2020\/04\/people-300x258.jpg 300w, https:\/\/archivesquarantainearchief.be\/wp-content\/uploads\/2020\/04\/people-768x660.jpg 768w, https:\/\/archivesquarantainearchief.be\/wp-content\/uploads\/2020\/04\/people.jpg 1200w\" sizes=\"(max-width: 1024px) 100vw, 1024px\" \/>\t\t\t\t\t\t\t\t\t\t\t\t\t\t<\/div>\n\t\t\t\t\t\t<\/div>\n\t\t\t\t<\/div>\n\t\t\t\t\t\t<\/div>\n\t\t\t\t\t<\/div>\n\t\t<\/div>\n\t\t\t\t<div class=\"elementor-column elementor-col-66 elementor-top-column elementor-element elementor-element-924d954\" data-id=\"924d954\" data-element_type=\"column\" data-settings=\"{&quot;background_background&quot;:&quot;classic&quot;}\">\n\t\t\t<div class=\"elementor-column-wrap elementor-element-populated\">\n\t\t\t\t\t\t\t<div class=\"elementor-widget-wrap\">\n\t\t\t\t\t\t<div class=\"elementor-element elementor-element-ad26b19 elementor-widget elementor-widget-heading\" data-id=\"ad26b19\" data-element_type=\"widget\" data-no-translation=\"\" data-widget_type=\"heading.default\">\n\t\t\t\t<div class=\"elementor-widget-container\">\n\t\t\t<p class=\"elementor-heading-title elementor-size-default\">... aux citoyen\u00b7NEs...<\/p>\t\t<\/div>\n\t\t\t\t<\/div>\n\t\t\t\t<div class=\"elementor-element elementor-element-70c3a6b elementor-widget elementor-widget-heading\" data-id=\"70c3a6b\" data-element_type=\"widget\" data-no-translation=\"\" data-widget_type=\"heading.default\">\n\t\t\t\t<div class=\"elementor-widget-container\">\n\t\t\t<style>.elementor-element-70c3a6b{display:none !important}<\/style>\t\t<\/div>\n\t\t\t\t<\/div>\n\t\t\t\t<div class=\"elementor-element elementor-element-e724f6f elementor-widget elementor-widget-text-editor\" data-id=\"e724f6f\" data-element_type=\"widget\" data-no-translation=\"\" data-widget_type=\"text-editor.default\">\n\t\t\t\t<div class=\"elementor-widget-container\">\n\t\t\t\t\t\t\t\t<div class=\"elementor-text-editor elementor-clearfix\">\n\t\t\t\t<p>De nombreuses initiatives de citoyen\u00b7nes belges se multiplient aux quatre coins de la Belgique. Tant d\u2019archives qui m\u00e9ritent d\u2019\u00eatre collect\u00e9es et sauvegard\u00e9es pour\u00a0<span style=\"letter-spacing: 0px;\">demain\u00a0<\/span><span style=\"letter-spacing: 0px;\">\u00e9crire l\u2019histoire\u2026 C\u2019est pourquoi notre objectif est \u00e9galement de relayer ces initiatives en vue de les centraliser et de penser \u00e0 leur p\u00e9rennit\u00e9 (page\u00a0\u00ab\u00a0<\/span><a style=\"letter-spacing: 0px;\" href=\"..\/category\/initiatives-citoyennes\/\" rel=\"noopener\"><b>Initiatives citoyennes<\/b><\/a><span style=\"letter-spacing: 0px;\">\u00a0\u00bb).<\/span><\/p>\t\t\t\t\t<\/div>\n\t\t\t\t\t\t<\/div>\n\t\t\t\t<\/div>\n\t\t\t\t<div class=\"elementor-element elementor-element-68b0727 elementor-widget elementor-widget-text-editor\" data-id=\"68b0727\" data-element_type=\"widget\" data-no-translation=\"\" data-widget_type=\"text-editor.default\">\n\t\t\t\t<div class=\"elementor-widget-container\">\n\t\t\t<style>.elementor-element-68b0727{display:none !important}<\/style>\t\t<\/div>\n\t\t\t\t<\/div>\n\t\t\t\t\t\t<\/div>\n\t\t\t\t\t<\/div>\n\t\t<\/div>\n\t\t\t\t\t\t\t\t<\/div>\n\t\t\t\t\t<\/div>\n\t\t<\/section>\n\t\t\t\t<section class=\"elementor-section elementor-top-section elementor-element elementor-element-22df355 elementor-section-boxed elementor-section-height-default elementor-section-height-default elementor-invisible\" data-id=\"22df355\" data-element_type=\"section\" data-settings=\"{&quot;background_background&quot;:&quot;classic&quot;,&quot;animation&quot;:&quot;fadeIn&quot;}\">\n\t\t\t\t\t\t<div class=\"elementor-container elementor-column-gap-extended\">\n\t\t\t\t\t\t\t<div class=\"elementor-row\">\n\t\t\t\t\t<div class=\"elementor-column elementor-col-66 elementor-top-column elementor-element elementor-element-84d3f57\" data-id=\"84d3f57\" data-element_type=\"column\">\n\t\t\t<div class=\"elementor-column-wrap elementor-element-populated\">\n\t\t\t\t\t\t\t<div class=\"elementor-widget-wrap\">\n\t\t\t\t\t\t<div class=\"elementor-element elementor-element-d6e855b elementor-widget elementor-widget-heading\" data-id=\"d6e855b\" data-element_type=\"widget\" data-no-translation=\"\" data-widget_type=\"heading.default\">\n\t\t\t\t<div class=\"elementor-widget-container\">\n\t\t\t<p class=\"elementor-heading-title elementor-size-default\">... et aux chercheurs !<\/p>\t\t<\/div>\n\t\t\t\t<\/div>\n\t\t\t\t<div class=\"elementor-element elementor-element-7ee4a89 elementor-widget elementor-widget-heading\" data-id=\"7ee4a89\" data-element_type=\"widget\" data-no-translation=\"\" data-widget_type=\"heading.default\">\n\t\t\t\t<div class=\"elementor-widget-container\">\n\t\t\t<style>.elementor-element-7ee4a89{display:none !important}<\/style>\t\t<\/div>\n\t\t\t\t<\/div>\n\t\t\t\t<div class=\"elementor-element elementor-element-9d91dcb elementor-widget elementor-widget-text-editor\" data-id=\"9d91dcb\" data-element_type=\"widget\" data-no-translation=\"\" data-widget_type=\"text-editor.default\">\n\t\t\t\t<div class=\"elementor-widget-container\">\n\t\t\t\t\t\t\t\t<div class=\"elementor-text-editor elementor-clearfix\">\n\t\t\t\t<p>Touchant de nombreuses couches de notre soci\u00e9t\u00e9, la pand\u00e9mie de Covid-19 suscite d\u00e9j\u00e0 l\u2019attention de chercheurs de disciplines diverses. Des \u00e9tudes et des analyses de cet \u00e9v\u00e9nement historique voient le jour en ce moment, et para\u00eetront encore apr\u00e8s cette crise sanitaire. Nous souhaitons les relayer \u00e0 travers une page sp\u00e9cifique (\u00ab\u00a0<a href=\"..\/category\/etudes\/\" rel=\"noopener\" data-wplink-edit=\"true\"><b>\u00c9tudes<\/b><\/a>\u00a0\u00bb).<\/p>\t\t\t\t\t<\/div>\n\t\t\t\t\t\t<\/div>\n\t\t\t\t<\/div>\n\t\t\t\t<div class=\"elementor-element elementor-element-4c6d62b elementor-widget elementor-widget-text-editor\" data-id=\"4c6d62b\" data-element_type=\"widget\" data-no-translation=\"\" data-widget_type=\"text-editor.default\">\n\t\t\t\t<div class=\"elementor-widget-container\">\n\t\t\t<style>.elementor-element-4c6d62b{display:none !important}<\/style>\t\t<\/div>\n\t\t\t\t<\/div>\n\t\t\t\t\t\t<\/div>\n\t\t\t\t\t<\/div>\n\t\t<\/div>\n\t\t\t\t<div class=\"elementor-column elementor-col-33 elementor-top-column elementor-element elementor-element-1701d31\" data-id=\"1701d31\" data-element_type=\"column\" data-settings=\"{&quot;background_background&quot;:&quot;classic&quot;}\">\n\t\t\t<div class=\"elementor-column-wrap elementor-element-populated\">\n\t\t\t\t\t\t\t<div class=\"elementor-widget-wrap\">\n\t\t\t\t\t\t<div class=\"elementor-element elementor-element-1a14f97 elementor-widget elementor-widget-image\" data-id=\"1a14f97\" data-element_type=\"widget\" data-widget_type=\"image.default\">\n\t\t\t\t<div class=\"elementor-widget-container\">\n\t\t\t\t\t\t\t\t<div class=\"elementor-image\">\n\t\t\t\t\t\t\t\t\t\t\t\t<img width=\"785\" height=\"867\" src=\"https:\/\/archivesquarantainearchief.be\/wp-content\/uploads\/2020\/04\/recherche2.jpg\" class=\"attachment-large size-large\" alt=\"\" loading=\"lazy\" srcset=\"https:\/\/archivesquarantainearchief.be\/wp-content\/uploads\/2020\/04\/recherche2.jpg 785w, https:\/\/archivesquarantainearchief.be\/wp-content\/uploads\/2020\/04\/recherche2-272x300.jpg 272w, https:\/\/archivesquarantainearchief.be\/wp-content\/uploads\/2020\/04\/recherche2-768x848.jpg 768w\" sizes=\"(max-width: 785px) 100vw, 785px\" \/>\t\t\t\t\t\t\t\t\t\t\t\t\t\t<\/div>\n\t\t\t\t\t\t<\/div>\n\t\t\t\t<\/div>\n\t\t\t\t\t\t<\/div>\n\t\t\t\t\t<\/div>\n\t\t<\/div>\n\t\t\t\t\t\t\t\t<\/div>\n\t\t\t\t\t<\/div>\n\t\t<\/section>\n\t\t\t\t\t\t<\/div>\n\t\t\t\t\t\t<\/div>\n\t\t\t\t\t<\/div>\n\t\t","protected":false},"excerpt":{"rendered":"<p>Pourquoi ce site ? Sans nul doute, la p\u00e9riode de confinement que nous subissons \u00e0 la suite de la pand\u00e9mie de Covid-19 est historique. Nos quotidiens, nos routines, notre travail, nos habitudes se retrouvent chamboul\u00e9s par ce temps d\u2019arr\u00eat que nous vivons&#8230; Appel aux archivistes&#8230; En lan\u00e7ant le projet \u00ab\u00a0Archives de Quarantaine Archief : dossier&hellip;&nbsp;<a href=\"https:\/\/archivesquarantainearchief.be\/fr\/pourquoi-ce-site\/\" class=\"\" rel=\"bookmark\">Lire la suite &raquo;<span class=\"screen-reader-text\">Pourquoi ce site ?<\/span><\/a><\/p>\n","protected":false},"author":1,"featured_media":583,"parent":0,"menu_order":0,"comment_status":"closed","ping_status":"closed","template":"elementor_header_footer","meta":{"_links_to":"","_links_to_target":""},"uagb_featured_image_src":{"full":["https:\/\/archivesquarantainearchief.be\/wp-content\/uploads\/2020\/04\/archive-1471320.jpg",900,1200,false],"thumbnail":["https:\/\/archivesquarantainearchief.be\/wp-content\/uploads\/2020\/04\/archive-1471320-150x150.jpg",150,150,true],"medium":["https:\/\/archivesquarantainearchief.be\/wp-content\/uploads\/2020\/04\/archive-1471320-225x300.jpg",225,300,true],"medium_large":["https:\/\/archivesquarantainearchief.be\/wp-content\/uploads\/2020\/04\/archive-1471320-768x1024.jpg",768,1024,true],"large":["https:\/\/archivesquarantainearchief.be\/wp-content\/uploads\/2020\/04\/archive-1471320-768x1024.jpg",768,1024,true],"1536x1536":["https:\/\/archivesquarantainearchief.be\/wp-content\/uploads\/2020\/04\/archive-1471320.jpg",900,1200,false],"2048x2048":["https:\/\/archivesquarantainearchief.be\/wp-content\/uploads\/2020\/04\/archive-1471320.jpg",900,1200,false],"trp-custom-language-flag":["https:\/\/archivesquarantainearchief.be\/wp-content\/uploads\/2020\/04\/archive-1471320.jpg",9,12,false],"neve-blog":["https:\/\/archivesquarantainearchief.be\/wp-content\/uploads\/2020\/04\/archive-1471320-900x620.jpg",900,620,true],"audioigniter_cover":["https:\/\/archivesquarantainearchief.be\/wp-content\/uploads\/2020\/04\/archive-1471320.jpg",420,560,false]},"uagb_author_info":{"display_name":"Lionel Vanvelthem, IHOES","author_link":"https:\/\/archivesquarantainearchief.be\/fr\/author\/lvanvelthem\/"},"uagb_comment_info":0,"uagb_excerpt":"Pourquoi ce site ? Sans nul doute, la p\u00e9riode de confinement que nous subissons \u00e0 la suite de la pand\u00e9mie de Covid-19 est historique. Nos quotidiens, nos routines, notre travail, nos habitudes se retrouvent chamboul\u00e9s par ce temps d\u2019arr\u00eat que nous vivons&#8230; Appel aux archivistes&#8230; En lan\u00e7ant le projet \u00ab\u00a0Archives de Quarantaine Archief : dossier&hellip;&nbsp;Lire&hellip;","_links":{"self":[{"href":"https:\/\/archivesquarantainearchief.be\/fr\/wp-json\/wp\/v2\/pages\/555"}],"collection":[{"href":"https:\/\/archivesquarantainearchief.be\/fr\/wp-json\/wp\/v2\/pages"}],"about":[{"href":"https:\/\/archivesquarantainearchief.be\/fr\/wp-json\/wp\/v2\/types\/page"}],"author":[{"embeddable":true,"href":"https:\/\/archivesquarantainearchief.be\/fr\/wp-json\/wp\/v2\/users\/1"}],"replies":[{"embeddable":true,"href":"https:\/\/archivesquarantainearchief.be\/fr\/wp-json\/wp\/v2\/comments?post=555"}],"version-history":[{"count":63,"href":"https:\/\/archivesquarantainearchief.be\/fr\/wp-json\/wp\/v2\/pages\/555\/revisions"}],"predecessor-version":[{"id":2393,"href":"https:\/\/archivesquarantainearchief.be\/fr\/wp-json\/wp\/v2\/pages\/555\/revisions\/2393"}],"wp:featuredmedia":[{"embeddable":true,"href":"https:\/\/archivesquarantainearchief.be\/fr\/wp-json\/wp\/v2\/media\/583"}],"wp:attachment":[{"href":"https:\/\/archivesquarantainearchief.be\/fr\/wp-json\/wp\/v2\/media?parent=555"}],"curies":[{"name":"wp","href":"https:\/\/api.w.org\/{rel}","templated":true}]}}